{"id":954,"date":"2016-07-15T14:19:56","date_gmt":"2016-07-15T14:19:56","guid":{"rendered":"http:\/\/test.kriesi.at\/enfold-medical\/?page_id=954"},"modified":"2026-03-18T11:09:59","modified_gmt":"2026-03-18T10:09:59","slug":"kontakt","status":"publish","type":"page","link":"https:\/\/www.nadaciazp.sk\/index.php\/kontakt\/","title":{"rendered":"Kontakt"},"content":{"rendered":"<div id='full_slider_1'  class='avia-fullwidth-slider main_color avia-shadow   avia-builder-el-0  el_before_av_layout_row  avia-builder-el-first   container_wrap sidebar_right'  ><div  class='avia-slideshow av-l07ruh8u-010b61e45bc69e2f9a2271550f5f9332 avia-slideshow-featured av_slideshow_full avia-slide-slider av-slideshow-ui av-control-default av-slideshow-manual av-loop-once av-loop-manual-endless av-default-height-applied   avia-slideshow-1' data-slideshow-options=\"{&quot;animation&quot;:&quot;slide&quot;,&quot;autoplay&quot;:false,&quot;loop_autoplay&quot;:&quot;once&quot;,&quot;interval&quot;:5,&quot;loop_manual&quot;:&quot;manual-endless&quot;,&quot;autoplay_stopper&quot;:false,&quot;noNavigation&quot;:false,&quot;bg_slider&quot;:false,&quot;keep_padding&quot;:false,&quot;hoverpause&quot;:false,&quot;show_slide_delay&quot;:0}\"  itemprop=\"image\" itemscope=\"itemscope\" itemtype=\"https:\/\/schema.org\/ImageObject\" ><ul class='avia-slideshow-inner ' style='padding-bottom: 28.666666666667%;'><li  class='avia-slideshow-slide av-l07ruh8u-010b61e45bc69e2f9a2271550f5f9332__0  av-single-slide slide-1 slide-odd'><div data-rel='slideshow-1' class='avia-slide-wrap '   ><img decoding=\"async\" fetchpriority=\"high\" class=\"wp-image-1498 avia-img-lazy-loading-not-1498\"  src=\"https:\/\/www.nadaciazp.sk\/wp-content\/uploads\/2022\/02\/kontakt-1500x430.jpg\" width=\"1500\" height=\"430\" title='Customer Relation And Online Support. Contact Button.' alt=''  itemprop=\"thumbnailUrl\"  style='min-height:200px; min-width:698px; ' \/><\/div><\/li><\/ul><\/div><\/div>\n<div id='av-layout-grid-1'  class='av-layout-grid-container av-3znmz6-f261ea6a19a67a36367cd24bf4acbbb7 entry-content-wrapper main_color av-fixed-cells  avia-builder-el-1  el_after_av_slideshow_full  el_before_av_one_third  grid-row-not-first  container_wrap sidebar_right'  >\n\n<style type=\"text\/css\" data-created_by=\"avia_inline_auto\" id=\"style-css-av-3tm3yi-dad4a5293462e847f9e3fbcd0e7ee1ef\">\n.flex_cell.av-3tm3yi-dad4a5293462e847f9e3fbcd0e7ee1ef{\nvertical-align:top;\nbackground-color:#2388c2;\n}\n.responsive #top #wrap_all .flex_cell.av-3tm3yi-dad4a5293462e847f9e3fbcd0e7ee1ef{\npadding:9px 0px 0px 0px !important;\n}\n<\/style>\n<div class='flex_cell av-3tm3yi-dad4a5293462e847f9e3fbcd0e7ee1ef av-gridrow-cell av_one_half no_margin  avia-builder-el-2  el_before_av_cell_one_half  avia-builder-el-first  content-align-top'  ><div class='flex_cell_inner'><\/div><\/div>\n<style type=\"text\/css\" data-created_by=\"avia_inline_auto\" id=\"style-css-av-3oe4ze-a22eeeb78c1937874b12297651a5b323\">\n.flex_cell.av-3oe4ze-a22eeeb78c1937874b12297651a5b323{\nvertical-align:top;\nbackground-color:#5fb4e4;\n}\n.responsive #top #wrap_all .flex_cell.av-3oe4ze-a22eeeb78c1937874b12297651a5b323{\npadding:9px 0px 0px 0px !important;\n}\n<\/style>\n<div class='flex_cell av-3oe4ze-a22eeeb78c1937874b12297651a5b323 av-gridrow-cell av_one_half no_margin  avia-builder-el-3  el_after_av_cell_one_half  avia-builder-el-last  content-align-top'  ><div class='flex_cell_inner'><\/div><\/div>\n<\/div><div id='after_grid_row_1'  class='main_color av_default_container_wrap container_wrap sidebar_right'  ><div class='container av-section-cont-open' ><div class='template-page content  av-content-small alpha units'><div class='post-entry post-entry-type-page post-entry-954'><div class='entry-content-wrapper clearfix'>\n<div class='flex_column_table av-1qp1tm-8c891b73fb97338a3480bb51bb6143b2 sc-av_one_third av-equal-height-column-flextable'>\n<style type=\"text\/css\" data-created_by=\"avia_inline_auto\" id=\"style-css-av-1qp1tm-8c891b73fb97338a3480bb51bb6143b2\">\n#top .flex_column_table.av-equal-height-column-flextable.av-1qp1tm-8c891b73fb97338a3480bb51bb6143b2{\nmargin-top:-120px;\nmargin-bottom:10px;\n}\n.flex_column.av-1qp1tm-8c891b73fb97338a3480bb51bb6143b2{\nborder-radius:0px 0px 0px 0px;\npadding:0px 0px 0px 0px;\n}\n<\/style>\n<div  class='flex_column av-1qp1tm-8c891b73fb97338a3480bb51bb6143b2 av_one_third  avia-builder-el-4  el_after_av_layout_row  el_before_av_one_third  avia-builder-el-first  first no_margin flex_column_table_cell av-equal-height-column av-align-top av-zero-column-padding  '     ><\/div>\n\n<style type=\"text\/css\" data-created_by=\"avia_inline_auto\" id=\"style-css-av-k2tki-b9b1f63bd802f185aa2bd9260afda01e\">\n#top .flex_column_table.av-equal-height-column-flextable.av-k2tki-b9b1f63bd802f185aa2bd9260afda01e{\nmargin-top:-120px;\nmargin-bottom:10px;\n}\n.flex_column.av-k2tki-b9b1f63bd802f185aa2bd9260afda01e{\nborder-radius:0px 0px 0px 0px;\npadding:40px 40px 40px 40px;\nbackground-color:#379cd6;\n}\n<\/style>\n<div  class='flex_column av-k2tki-b9b1f63bd802f185aa2bd9260afda01e av_one_third  avia-builder-el-5  el_after_av_one_third  el_before_av_one_third  no_margin flex_column_table_cell av-equal-height-column av-align-top  '     ><p>\n<style type=\"text\/css\" data-created_by=\"avia_inline_auto\" id=\"style-css-av-l07rz21x-cca564f72fe61dfc2d1f6d8a21e78ef3\">\n.av_font_icon.av-l07rz21x-cca564f72fe61dfc2d1f6d8a21e78ef3{\ncolor:#ffffff;\nborder-color:#ffffff;\n}\n.avia-svg-icon.av-l07rz21x-cca564f72fe61dfc2d1f6d8a21e78ef3 svg:first-child{\nstroke:#ffffff;\nfill:#ffffff;\n}\n.av_font_icon.av-l07rz21x-cca564f72fe61dfc2d1f6d8a21e78ef3 .av-icon-char{\nfont-size:40px;\nline-height:40px;\n}\n<\/style>\n<span  class='av_font_icon av-l07rz21x-cca564f72fe61dfc2d1f6d8a21e78ef3 avia_animate_when_visible av-icon-style- avia-icon-pos-center avia-iconfont avia-font-entypo-fontello avia-icon-animate'><span class='av-icon-char' data-av_icon='\ue827' data-av_iconfont='entypo-fontello' aria-hidden=\"true\" ><\/span><\/span><br \/>\n\n<style type=\"text\/css\" data-created_by=\"avia_inline_auto\" id=\"style-css-av-dpgmi-c0690543b204ee5e92762bad01e05b78\">\n#top .hr.hr-invisible.av-dpgmi-c0690543b204ee5e92762bad01e05b78{\nheight:20px;\n}\n<\/style>\n<div  class='hr av-dpgmi-c0690543b204ee5e92762bad01e05b78 hr-invisible  avia-builder-el-7  el_after_av_font_icon  el_before_av_textblock '><span class='hr-inner '><span class=\"hr-inner-style\"><\/span><\/span><\/div><br \/>\n\n<style type=\"text\/css\" data-created_by=\"avia_inline_auto\" id=\"style-css-av-l07rzdgg-82db965eac17d5deeba1eb7b2a189e41\">\n#top .av_textblock_section.av-l07rzdgg-82db965eac17d5deeba1eb7b2a189e41 .avia_textblock{\ncolor:#ffffff;\n}\n<\/style>\n<section  class='av_textblock_section av-l07rzdgg-82db965eac17d5deeba1eb7b2a189e41 '   itemscope=\"itemscope\" itemtype=\"https:\/\/schema.org\/CreativeWork\" ><div class='avia_textblock av_inherit_color'  itemprop=\"text\" ><h2 style=\"text-align: center;\">Kontakt<\/h2>\n<\/div><\/section><\/p><\/div>\n\n<style type=\"text\/css\" data-created_by=\"avia_inline_auto\" id=\"style-css-av-114du-3468eef1f58b7e6ee8486a4ef7d83f06\">\n#top .flex_column_table.av-equal-height-column-flextable.av-114du-3468eef1f58b7e6ee8486a4ef7d83f06{\nmargin-top:-120px;\nmargin-bottom:10px;\n}\n.flex_column.av-114du-3468eef1f58b7e6ee8486a4ef7d83f06{\nborder-radius:0px 0px 0px 0px;\npadding:0px 0px 0px 0px;\n}\n<\/style>\n<div  class='flex_column av-114du-3468eef1f58b7e6ee8486a4ef7d83f06 av_one_third  avia-builder-el-9  el_after_av_one_third  el_before_av_one_half  no_margin flex_column_table_cell av-equal-height-column av-align-top av-zero-column-padding  '     ><\/div><\/div><!--close column table wrapper. Autoclose: 1 -->\n\n<style type=\"text\/css\" data-created_by=\"avia_inline_auto\" id=\"style-css-av-1l22q2-a6a71bb4ea2804de775443acc6327bb4\">\n.flex_column.av-1l22q2-a6a71bb4ea2804de775443acc6327bb4{\nborder-radius:0px 0px 0px 0px;\npadding:0px 0px 0px 0px;\n}\n<\/style>\n<div  class='flex_column av-1l22q2-a6a71bb4ea2804de775443acc6327bb4 av_one_half  avia-builder-el-10  el_after_av_one_third  el_before_av_one_half  first flex_column_div av-animated-generic bottom-to-top av-zero-column-padding  column-top-margin'     ><p>\n<style type=\"text\/css\" data-created_by=\"avia_inline_auto\" id=\"style-css-av-5252a-48f5553739d560e5ebfb9cc848eeccbc\">\n#top .hr.hr-invisible.av-5252a-48f5553739d560e5ebfb9cc848eeccbc{\nheight:50px;\n}\n<\/style>\n<div  class='hr av-5252a-48f5553739d560e5ebfb9cc848eeccbc hr-invisible  avia-builder-el-11  el_before_av_image  avia-builder-el-first '><span class='hr-inner '><span class=\"hr-inner-style\"><\/span><\/span><\/div><br \/>\n\n<style type=\"text\/css\" data-created_by=\"avia_inline_auto\" id=\"style-css-av-1bggle-e24052aaf57faed10a48cd746fdbc4d5\">\n.avia-image-container.av-1bggle-e24052aaf57faed10a48cd746fdbc4d5 img.avia_image{\nbox-shadow:none;\n}\n.avia-image-container.av-1bggle-e24052aaf57faed10a48cd746fdbc4d5 .av-image-caption-overlay-center{\ncolor:#ffffff;\n}\n<\/style>\n<div  class='avia-image-container av-1bggle-e24052aaf57faed10a48cd746fdbc4d5 av-styling- avia-align-center  avia-builder-el-12  el_after_av_hr  avia-builder-el-last '   itemprop=\"image\" itemscope=\"itemscope\" itemtype=\"https:\/\/schema.org\/ImageObject\" ><div class=\"avia-image-container-inner\"><div class=\"avia-image-overlay-wrap\"><img decoding=\"async\" fetchpriority=\"high\" class='wp-image-1127 avia-img-lazy-loading-not-1127 avia_image ' src=\"https:\/\/www.nadaciazp.sk\/wp-content\/uploads\/2022\/02\/logo_nadacia.jpg\" alt='' title='Nadacia  ZP.cdr'  height=\"323\" width=\"550\"  itemprop=\"thumbnailUrl\" srcset=\"https:\/\/www.nadaciazp.sk\/wp-content\/uploads\/2022\/02\/logo_nadacia.jpg 550w, https:\/\/www.nadaciazp.sk\/wp-content\/uploads\/2022\/02\/logo_nadacia-300x176.jpg 300w\" sizes=\"(max-width: 550px) 100vw, 550px\" \/><\/div><\/div><\/div><\/p><\/div>\n\n<style type=\"text\/css\" data-created_by=\"avia_inline_auto\" id=\"style-css-av-13lax6-8c5548f2f22b8bcbf8bf0196c4d3c333\">\n.flex_column.av-13lax6-8c5548f2f22b8bcbf8bf0196c4d3c333{\nborder-radius:0px 0px 0px 0px;\npadding:0px 0px 0px 0px;\n}\n<\/style>\n<div  class='flex_column av-13lax6-8c5548f2f22b8bcbf8bf0196c4d3c333 av_one_half  avia-builder-el-13  el_after_av_one_half  avia-builder-el-last  flex_column_div av-animated-generic bottom-to-top av-zero-column-padding  column-top-margin'     ><p>\n<style type=\"text\/css\" data-created_by=\"avia_inline_auto\" id=\"style-css-av-wwryy-19962111c9f97ff4d06d673df8b4b502\">\n#top .av-special-heading.av-wwryy-19962111c9f97ff4d06d673df8b4b502{\npadding-bottom:20px;\nfont-size:34px;\n}\nbody .av-special-heading.av-wwryy-19962111c9f97ff4d06d673df8b4b502 .av-special-heading-tag .heading-char{\nfont-size:25px;\n}\n#top #wrap_all .av-special-heading.av-wwryy-19962111c9f97ff4d06d673df8b4b502 .av-special-heading-tag{\nfont-size:34px;\n}\n.av-special-heading.av-wwryy-19962111c9f97ff4d06d673df8b4b502 .av-subheading{\nfont-size:15px;\n}\n\n@media only screen and (min-width: 480px) and (max-width: 767px){ \n#top #wrap_all .av-special-heading.av-wwryy-19962111c9f97ff4d06d673df8b4b502 .av-special-heading-tag{\nfont-size:0.8em;\n}\n}\n\n@media only screen and (max-width: 479px){ \n#top #wrap_all .av-special-heading.av-wwryy-19962111c9f97ff4d06d673df8b4b502 .av-special-heading-tag{\nfont-size:0.8em;\n}\n}\n<\/style>\n<div  class='av-special-heading av-wwryy-19962111c9f97ff4d06d673df8b4b502 av-special-heading-h3 blockquote modern-quote  avia-builder-el-14  el_before_av_hr  avia-builder-el-first  av-inherit-size'><h3 class='av-special-heading-tag '  itemprop=\"headline\"  >Kontaktn\u00e9 \u00fadaje<\/h3><div class=\"special-heading-border\"><div class=\"special-heading-inner-border\"><\/div><\/div><\/div><br \/>\n\n<style type=\"text\/css\" data-created_by=\"avia_inline_auto\" id=\"style-css-av-2rjaq-196f5f7b21bf7fcf95a9b4575fbfe7aa\">\n#top .hr.hr-invisible.av-2rjaq-196f5f7b21bf7fcf95a9b4575fbfe7aa{\nheight:30px;\n}\n<\/style>\n<div  class='hr av-2rjaq-196f5f7b21bf7fcf95a9b4575fbfe7aa hr-invisible  avia-builder-el-15  el_after_av_heading  el_before_av_icon_box '><span class='hr-inner '><span class=\"hr-inner-style\"><\/span><\/span><\/div><br \/>\n\n<style type=\"text\/css\" data-created_by=\"avia_inline_auto\" id=\"style-css-av-m0796-a7a5c4f2590709f484465aad84e004cc\">\n.iconbox.av-m0796-a7a5c4f2590709f484465aad84e004cc .iconbox_icon{\ncolor:#22689e;\n}\n.iconbox.av-m0796-a7a5c4f2590709f484465aad84e004cc .iconbox_icon.avia-svg-icon svg:first-child{\nfill:#22689e;\nstroke:#22689e;\n}\n#top #wrap_all .iconbox.av-m0796-a7a5c4f2590709f484465aad84e004cc .iconbox_content_title{\nfont-size:20px;\ncolor:#22689e;\n}\n.iconbox.av-m0796-a7a5c4f2590709f484465aad84e004cc .iconbox_content_container{\nfont-size:16px;\n}\n<\/style>\n<article  class='iconbox iconbox_left av-m0796-a7a5c4f2590709f484465aad84e004cc  avia-builder-el-16  el_after_av_hr  el_before_av_icon_box '  itemscope=\"itemscope\" itemtype=\"https:\/\/schema.org\/CreativeWork\" ><div class=\"iconbox_content\"><header class=\"entry-content-header\" aria-label=\"Icon: Adresa\"><div class='iconbox_icon heading-color avia-iconfont avia-font-entypo-fontello' data-av_icon='\ue821' data-av_iconfont='entypo-fontello'  ><\/div><h3 class='iconbox_content_title '  itemprop=\"headline\" >Adresa<\/h3><\/header><div class='iconbox_content_container '  itemprop=\"text\" ><p>Nad\u00e1cia \u017deleziarne Podbrezov\u00e1<br \/>\nKolk\u00e1re\u0148 35<br \/>\n976 81 Podbrezov\u00e1<\/p>\n<\/div><\/div><footer class=\"entry-footer\"><\/footer><\/article><br \/>\n\n<style type=\"text\/css\" data-created_by=\"avia_inline_auto\" id=\"style-css-av-f4qay-07a68bed92f38b9c6f4206615e690c16\">\n.iconbox.av-f4qay-07a68bed92f38b9c6f4206615e690c16 .iconbox_icon{\ncolor:#22689e;\n}\n.iconbox.av-f4qay-07a68bed92f38b9c6f4206615e690c16 .iconbox_icon.avia-svg-icon svg:first-child{\nfill:#22689e;\nstroke:#22689e;\n}\n#top #wrap_all .iconbox.av-f4qay-07a68bed92f38b9c6f4206615e690c16 .iconbox_content_title{\nfont-size:20px;\ncolor:#22689e;\n}\n.iconbox.av-f4qay-07a68bed92f38b9c6f4206615e690c16 .iconbox_content_container{\nfont-size:16px;\n}\n<\/style>\n<article  class='iconbox iconbox_left av-f4qay-07a68bed92f38b9c6f4206615e690c16  avia-builder-el-17  el_after_av_icon_box  el_before_av_icon_box '  itemscope=\"itemscope\" itemtype=\"https:\/\/schema.org\/CreativeWork\" ><div class=\"iconbox_content\"><header class=\"entry-content-header\" aria-label=\"Icon: Telef\u00f3n\"><div class='iconbox_icon heading-color avia-iconfont avia-font-entypo-fontello' data-av_icon='\ue854' data-av_iconfont='entypo-fontello'  ><\/div><h3 class='iconbox_content_title '  itemprop=\"headline\" >Telef\u00f3n<\/h3><\/header><div class='iconbox_content_container '  itemprop=\"text\" ><p>+421 48\u00a0 645 3417<\/p>\n<\/div><\/div><footer class=\"entry-footer\"><\/footer><\/article><br \/>\n\n<style type=\"text\/css\" data-created_by=\"avia_inline_auto\" id=\"style-css-av-bc3bm-bdc2c003f1d98cc5b6fdc08eafba2440\">\n.iconbox.av-bc3bm-bdc2c003f1d98cc5b6fdc08eafba2440 .iconbox_icon{\ncolor:#22689e;\n}\n.iconbox.av-bc3bm-bdc2c003f1d98cc5b6fdc08eafba2440 .iconbox_icon.avia-svg-icon svg:first-child{\nfill:#22689e;\nstroke:#22689e;\n}\n#top #wrap_all .iconbox.av-bc3bm-bdc2c003f1d98cc5b6fdc08eafba2440 .iconbox_content_title{\nfont-size:20px;\ncolor:#22689e;\n}\n.iconbox.av-bc3bm-bdc2c003f1d98cc5b6fdc08eafba2440 .iconbox_content_container{\nfont-size:16px;\n}\n<\/style>\n<article  class='iconbox iconbox_left av-bc3bm-bdc2c003f1d98cc5b6fdc08eafba2440  avia-builder-el-18  el_after_av_icon_box  el_before_av_icon_box '  itemscope=\"itemscope\" itemtype=\"https:\/\/schema.org\/CreativeWork\" ><div class=\"iconbox_content\"><header class=\"entry-content-header\" aria-label=\"Icon: E - mail\"><div class='iconbox_icon heading-color avia-iconfont avia-font-entypo-fontello' data-av_icon='\ue805' data-av_iconfont='entypo-fontello'  ><\/div><h3 class='iconbox_content_title '  itemprop=\"headline\" >E - mail<\/h3><\/header><div class='iconbox_content_container '  itemprop=\"text\" ><p><a href=\"mailto:nadaciazp@zelpo.sk\">nadaciazp@zelpo.sk<\/a><\/p>\n<\/div><\/div><footer class=\"entry-footer\"><\/footer><\/article><br \/>\n\n<style type=\"text\/css\" data-created_by=\"avia_inline_auto\" id=\"style-css-av-mmvsay5p-ddd82c250392d8cc7c3384ea119fca5d\">\n.iconbox.av-mmvsay5p-ddd82c250392d8cc7c3384ea119fca5d .iconbox_icon{\ncolor:#22689e;\n}\n.iconbox.av-mmvsay5p-ddd82c250392d8cc7c3384ea119fca5d .iconbox_icon.avia-svg-icon svg:first-child{\nfill:#22689e;\nstroke:#22689e;\n}\n#top #wrap_all .iconbox.av-mmvsay5p-ddd82c250392d8cc7c3384ea119fca5d .iconbox_content_title{\nfont-size:20px;\ncolor:#22689e;\n}\n.iconbox.av-mmvsay5p-ddd82c250392d8cc7c3384ea119fca5d .iconbox_content_container{\nfont-size:18px;\n}\n\n@media only screen and (min-width: 990px){ \n.iconbox.av-mmvsay5p-ddd82c250392d8cc7c3384ea119fca5d .iconbox_content_container{\nfont-size:16px;\n}\n}\n<\/style>\n<article  class='iconbox iconbox_left av-mmvsay5p-ddd82c250392d8cc7c3384ea119fca5d  avia-builder-el-19  el_after_av_icon_box  avia-builder-el-last '  itemscope=\"itemscope\" itemtype=\"https:\/\/schema.org\/CreativeWork\" ><div class=\"iconbox_content\"><header class=\"entry-content-header\" aria-label=\"Icon: I\u010cO\"><div class='iconbox_icon heading-color avia-svg-icon avia-font-svg_entypo-fontello' data-av_svg_icon='doc-text' data-av_iconset='svg_entypo-fontello' ><svg version=\"1.1\" xmlns=\"http:\/\/www.w3.org\/2000\/svg\" width=\"22\" height=\"32\" viewBox=\"0 0 22 32\" preserveAspectRatio=\"xMidYMid meet\" aria-labelledby='av-svg-title-1' aria-describedby='av-svg-desc-1' role=\"graphics-symbol\">\n<title id='av-svg-title-1'>Doc-text<\/title>\n<desc id='av-svg-desc-1'>Doc-text<\/desc>\n<path d=\"M6.784 17.344v-2.88h8.96v2.88h-8.96zM19.2 1.6q1.344 0 2.272 0.928t0.928 2.272v22.4q0 1.28-0.928 2.24t-2.272 0.96h-16q-1.28 0-2.24-0.96t-0.96-2.24v-22.4q0-1.344 0.96-2.272t2.24-0.928h16zM19.2 27.2v-22.4h-16v22.4h16zM15.68 8.256v2.816h-8.96v-2.816h8.96zM15.68 20.8v2.816h-8.96v-2.816h8.96z\"><\/path>\n<\/svg><\/div><h3 class='iconbox_content_title '  itemprop=\"headline\" >I\u010cO<\/h3><\/header><div class='iconbox_content_container '  itemprop=\"text\" ><p>37 818 481<\/p>\n<\/div><\/div><footer class=\"entry-footer\"><\/footer><\/article><\/p><\/div>\n","protected":false},"excerpt":{"rendered":"","protected":false},"author":1,"featured_media":0,"parent":0,"menu_order":0,"comment_status":"closed","ping_status":"closed","template":"","meta":{"footnotes":""},"class_list":["post-954","page","type-page","status-publish","hentry"],"_links":{"self":[{"href":"https:\/\/www.nadaciazp.sk\/index.php\/wp-json\/wp\/v2\/pages\/954","targetHints":{"allow":["GET"]}}],"collection":[{"href":"https:\/\/www.nadaciazp.sk\/index.php\/wp-json\/wp\/v2\/pages"}],"about":[{"href":"https:\/\/www.nadaciazp.sk\/index.php\/wp-json\/wp\/v2\/types\/page"}],"author":[{"embeddable":true,"href":"https:\/\/www.nadaciazp.sk\/index.php\/wp-json\/wp\/v2\/users\/1"}],"replies":[{"embeddable":true,"href":"https:\/\/www.nadaciazp.sk\/index.php\/wp-json\/wp\/v2\/comments?post=954"}],"version-history":[{"count":0,"href":"https:\/\/www.nadaciazp.sk\/index.php\/wp-json\/wp\/v2\/pages\/954\/revisions"}],"wp:attachment":[{"href":"https:\/\/www.nadaciazp.sk\/index.php\/wp-json\/wp\/v2\/media?parent=954"}],"curies":[{"name":"wp","href":"https:\/\/api.w.org\/{rel}","templated":true}]}}