{"id":1716,"date":"2022-03-01T10:02:03","date_gmt":"2022-03-01T09:02:03","guid":{"rendered":"http:\/\/vyvoj.zelpo.sk\/nadacia-zp\/?page_id=1716"},"modified":"2022-03-01T10:06:48","modified_gmt":"2022-03-01T09:06:48","slug":"icon","status":"publish","type":"page","link":"https:\/\/www.nadaciazp.sk\/index.php\/icon\/","title":{"rendered":"icon"},"content":{"rendered":"<div id='av-layout-grid-1'  class='av-layout-grid-container av-5qz62c-4473abf63aac23943d614e4b753d83f6 entry-content-wrapper main_color av-flex-cells  avia-builder-el-0  avia-builder-el-no-sibling   container_wrap sidebar_right'  >\n\n<style type=\"text\/css\" data-created_by=\"avia_inline_auto\" id=\"style-css-av-4knodw-340624fac57acd8c3976951071d6692f\">\n.flex_cell.av-4knodw-340624fac57acd8c3976951071d6692f{\nvertical-align:top;\nbackground-color:#eeee22;\n}\n<\/style>\n<div class='flex_cell av-4knodw-340624fac57acd8c3976951071d6692f av-gridrow-cell av_one_half no_margin  avia-builder-el-1  el_before_av_cell_one_half  avia-builder-el-first  content-align-top'  ><div class='flex_cell_inner'>\n<style type=\"text\/css\" data-created_by=\"avia_inline_auto\" id=\"style-css-av-l07winx9-9c08f6c9ba2f120a3e2ed72682a0e27f\">\n.av_font_icon.av-l07winx9-9c08f6c9ba2f120a3e2ed72682a0e27f{\ncolor:#ffffff;\nborder-color:#ffffff;\n}\n.avia-svg-icon.av-l07winx9-9c08f6c9ba2f120a3e2ed72682a0e27f svg:first-child{\nstroke:#ffffff;\nfill:#ffffff;\n}\n.av_font_icon.av-l07winx9-9c08f6c9ba2f120a3e2ed72682a0e27f .av-icon-char{\nfont-size:140px;\nline-height:140px;\n}\n<\/style>\n<span  class='av_font_icon av-l07winx9-9c08f6c9ba2f120a3e2ed72682a0e27f avia_animate_when_visible av-icon-style- avia-icon-pos-center avia-iconfont avia-font-entypo-fontello avia-icon-animate'><span class='av-icon-char' data-av_icon='\ue821' data-av_iconfont='entypo-fontello' aria-hidden=\"true\" ><\/span><\/span>\n<\/div><\/div><div class='flex_cell av-2cmsys-8aaafc0997946ff6077c318484c88fcd av-gridrow-cell av_one_half no_margin  avia-builder-el-3  el_after_av_cell_one_half  avia-builder-el-last '  ><div class='flex_cell_inner'>\n<style type=\"text\/css\" data-created_by=\"avia_inline_auto\" id=\"style-css-av-l07wi92h-34b623240ecf04d7f8d6a1ca2a14178f\">\n#top .av_textblock_section.av-l07wi92h-34b623240ecf04d7f8d6a1ca2a14178f .avia_textblock{\nfont-size:16px;\ncolor:#ffffff;\n}\n<\/style>\n<section  class='av_textblock_section av-l07wi92h-34b623240ecf04d7f8d6a1ca2a14178f '   itemscope=\"itemscope\" itemtype=\"https:\/\/schema.org\/CreativeWork\" ><div class='avia_textblock av_inherit_color'  itemprop=\"text\" ><p style=\"text-align: left;\">Nad\u00e1cia \u017deleziarne Podbrezov\u00e1<br \/>\nKolk\u00e1re\u0148 35<br \/>\n976 81 Podbrezov\u00e1<\/p>\n<\/div><\/section>\n<\/div><\/div><\/div>\n","protected":false},"excerpt":{"rendered":"","protected":false},"author":2,"featured_media":0,"parent":0,"menu_order":0,"comment_status":"closed","ping_status":"closed","template":"","meta":{"footnotes":""},"class_list":["post-1716","page","type-page","status-publish","hentry"],"_links":{"self":[{"href":"https:\/\/www.nadaciazp.sk\/index.php\/wp-json\/wp\/v2\/pages\/1716","targetHints":{"allow":["GET"]}}],"collection":[{"href":"https:\/\/www.nadaciazp.sk\/index.php\/wp-json\/wp\/v2\/pages"}],"about":[{"href":"https:\/\/www.nadaciazp.sk\/index.php\/wp-json\/wp\/v2\/types\/page"}],"author":[{"embeddable":true,"href":"https:\/\/www.nadaciazp.sk\/index.php\/wp-json\/wp\/v2\/users\/2"}],"replies":[{"embeddable":true,"href":"https:\/\/www.nadaciazp.sk\/index.php\/wp-json\/wp\/v2\/comments?post=1716"}],"version-history":[{"count":0,"href":"https:\/\/www.nadaciazp.sk\/index.php\/wp-json\/wp\/v2\/pages\/1716\/revisions"}],"wp:attachment":[{"href":"https:\/\/www.nadaciazp.sk\/index.php\/wp-json\/wp\/v2\/media?parent=1716"}],"curies":[{"name":"wp","href":"https:\/\/api.w.org\/{rel}","templated":true}]}}